{"id":100888,"date":"2023-07-17T12:58:58","date_gmt":"2023-07-17T12:58:58","guid":{"rendered":"https:\/\/www.commercialistalegnano.it\/modelo-intrastat\/"},"modified":"2023-07-17T12:58:58","modified_gmt":"2023-07-17T12:58:58","slug":"modelo-intrastat","status":"publish","type":"page","link":"https:\/\/www.commercialistalegnano.it\/es\/modelo-intrastat\/","title":{"rendered":"MODELO INTRASTAT"},"content":{"rendered":"<h1 class=\"h4 pi-weight-700 pi-uppercase pi-letter-spacing pi-has-bg pi-margin-bottom-20 pi-margin-top-minus-5\">COMPILACI\u00d3N DEL MODELO INTRASTAT EN LEGNANO, BUSTO ARSIZIO, RESCALDINA Y CASTELLANZA<\/h1>\n<p class=\"justy\">El estudio del contador en Rescaldina, el Dr. Marco Colombo, puede encargarse, en nombre de sus clientes, de la producci\u00f3n de un documento de vital importancia para muchas empresas: el modelo Intrastat. Opera especialmente en la zona entre Legnano, Busto Arsizio y Saronno.<\/p>\n<p>El modelo Intrastat fue introducido mediante el decreto legislativo 331\/1993; de hecho, fue en 1993 cuando se abolieron las barreras aduaneras entre todos los pa\u00edses pertenecientes a la Uni\u00f3n Europea.<\/p>\n<p>El modelo Intrastat es fundamental para todas las empresas que comercian con el extranjero o que, de alguna manera, tienen relaciones de colaboraci\u00f3n con profesionales y empresas extranjeras.<\/p>\n<p>En concreto, el modelo Intrastat requiere el registro de todas las compras y ventas que involucran a empresas o profesionales extranjeros pertenecientes a la Uni\u00f3n, tanto en lo que respecta a bienes muebles como a servicios.<\/p>\n<p>Las empresas italianas que tienen relaciones colaborativas o comerciales con otros pa\u00edses de la Uni\u00f3n Europea est\u00e1n obligadas en todos los casos a emitir este documento, a diferencia de otros pa\u00edses donde existe un \u00abumbral de exclusi\u00f3n\u00bb m\u00e1s all\u00e1 del cual las empresas est\u00e1n exentas de este requisito.<\/p>\n<p>Nos encargamos de forma aut\u00f3noma no solo de la redacci\u00f3n de este documento, sino tambi\u00e9n de su posterior transmisi\u00f3n, que es absolutamente necesaria dentro de los plazos establecidos, a la Agencia de Aduanas.<\/p>\n","protected":false},"excerpt":{"rendered":"<p>COMPILACI\u00d3N DEL MODELO INTRASTAT EN LEGNANO, BUSTO ARSIZIO, RESCALDINA Y CASTELLANZA El estudio del contador en Rescaldina, el Dr. Marco Colombo, puede encargarse, en nombre de sus clientes, de la producci\u00f3n de un documento de vital importancia para muchas empresas: el modelo Intrastat. Opera especialmente en la zona entre Legnano, Busto Arsizio y Saronno. El [&hellip;]<\/p>\n","protected":false},"author":1,"featured_media":100505,"parent":0,"menu_order":0,"comment_status":"closed","ping_status":"closed","template":"","meta":{"_et_pb_use_builder":"","_et_pb_old_content":"","_et_gb_content_width":"","footnotes":""},"class_list":["post-100888","page","type-page","status-publish","has-post-thumbnail","hentry"],"_links":{"self":[{"href":"https:\/\/www.commercialistalegnano.it\/es\/wp-json\/wp\/v2\/pages\/100888","targetHints":{"allow":["GET"]}}],"collection":[{"href":"https:\/\/www.commercialistalegnano.it\/es\/wp-json\/wp\/v2\/pages"}],"about":[{"href":"https:\/\/www.commercialistalegnano.it\/es\/wp-json\/wp\/v2\/types\/page"}],"author":[{"embeddable":true,"href":"https:\/\/www.commercialistalegnano.it\/es\/wp-json\/wp\/v2\/users\/1"}],"replies":[{"embeddable":true,"href":"https:\/\/www.commercialistalegnano.it\/es\/wp-json\/wp\/v2\/comments?post=100888"}],"version-history":[{"count":0,"href":"https:\/\/www.commercialistalegnano.it\/es\/wp-json\/wp\/v2\/pages\/100888\/revisions"}],"wp:featuredmedia":[{"embeddable":true,"href":"https:\/\/www.commercialistalegnano.it\/es\/wp-json\/wp\/v2\/media\/100505"}],"wp:attachment":[{"href":"https:\/\/www.commercialistalegnano.it\/es\/wp-json\/wp\/v2\/media?parent=100888"}],"curies":[{"name":"wp","href":"https:\/\/api.w.org\/{rel}","templated":true}]}}