{"id":100884,"date":"2021-02-18T06:03:09","date_gmt":"2021-02-18T06:03:09","guid":{"rendered":"https:\/\/www.commercialistalegnano.it\/el-despacho\/"},"modified":"2024-03-28T15:44:11","modified_gmt":"2024-03-28T15:44:11","slug":"el-despacho","status":"publish","type":"page","link":"https:\/\/www.commercialistalegnano.it\/es\/el-despacho\/","title":{"rendered":"EL DESPACHO"},"content":{"rendered":"<p>[et_pb_section fb_built=\u00bb1&#8243; custom_padding_last_edited=\u00bbon|tablet\u00bb _builder_version=\u00bb4.21.0&#8243; _module_preset=\u00bbdefault\u00bb background_image=\u00bbhttps:\/\/www.commercialistalegnano.it\/wp-content\/uploads\/2023\/07\/commercialista_legnano2.jpg\u00bb parallax=\u00bbon\u00bb custom_padding=\u00bb182px||160px||false|false\u00bb custom_padding_tablet=\u00bb50px||50px||true|false\u00bb custom_padding_phone=\u00bb\u00bb custom_css_before=\u00bbcontent: %22%22;||position: absolute;||top: 0;||left: 0;||right: 0;||bottom: 0;||display: block;||background: var(&#8211;color-2);||z-index: 1;||-webkit-transition: all 0.3s linear 0s;||-o-transition: all 0.3s linear 0s;||transition: all 0.3s linear 0s;||opacity: 0.8;\u00bb global_colors_info=\u00bb{}\u00bb][et_pb_row _builder_version=\u00bb4.16&#8243; _module_preset=\u00bbdefault\u00bb custom_padding=\u00bb0px||0px||true|false\u00bb global_colors_info=\u00bb{}\u00bb][et_pb_column type=\u00bb4_4&#8243; _builder_version=\u00bb4.16&#8243; _module_preset=\u00bbdefault\u00bb global_colors_info=\u00bb{}\u00bb][et_pb_text _builder_version=\u00bb4.21.0&#8243; _dynamic_attributes=\u00bbcontent\u00bb _module_preset=\u00bbdefault\u00bb text_font=\u00bb|800||on|||||\u00bb text_text_color=\u00bb#FFFFFF\u00bb text_font_size=\u00bb45px\u00bb text_letter_spacing=\u00bb1px\u00bb text_orientation=\u00bbcenter\u00bb text_font_size_tablet=\u00bb\u00bb text_font_size_phone=\u00bb30px\u00bb text_font_size_last_edited=\u00bbon|phone\u00bb global_colors_info=\u00bb{}\u00bb]@ET-DC@eyJkeW5hbWljIjp0cnVlLCJjb250ZW50IjoicG9zdF90aXRsZSIsInNldHRpbmdzIjp7ImJlZm9yZSI6IiIsImFmdGVyIjoiIn19@[\/et_pb_text][\/et_pb_column][\/et_pb_row][\/et_pb_section][et_pb_section fb_built=\u00bb1&#8243; specialty=\u00bbon\u00bb _builder_version=\u00bb4.21.0&#8243; _module_preset=\u00bbdefault\u00bb inner_max_width=\u00bb1200px\u00bb global_colors_info=\u00bb{}\u00bb][et_pb_column type=\u00bb1_3&#8243; _builder_version=\u00bb4.16&#8243; custom_padding=\u00bb|||\u00bb global_colors_info=\u00bb{}\u00bb custom_padding__hover=\u00bb|||\u00bb][et_pb_image src=\u00bbhttps:\/\/www.commercialistalegnano.it\/wp-content\/uploads\/2023\/07\/commercialista_legnano4VERT.jpg\u00bb title_text=\u00bbcommercialista_legnano4VERT\u00bb _builder_version=\u00bb4.21.0&#8243; _module_preset=\u00bbdefault\u00bb width=\u00bb95%\u00bb animation_style=\u00bbslide\u00bb animation_duration=\u00bb1400ms\u00bb border_radii=\u00bbon|25px|25px|25px|25px\u00bb global_colors_info=\u00bb{}\u00bb][\/et_pb_image][et_pb_image src=\u00bbhttps:\/\/www.commercialistalegnano.it\/wp-content\/uploads\/2023\/07\/commercialista_legnano9.jpg\u00bb title_text=\u00bbcommercialista_legnano9&#8243; _builder_version=\u00bb4.21.0&#8243; _module_preset=\u00bbdefault\u00bb width=\u00bb79%\u00bb module_alignment=\u00bbright\u00bb custom_margin=\u00bb-90px||||false|false\u00bb animation_style=\u00bbslide\u00bb animation_duration=\u00bb1400ms\u00bb border_radii=\u00bbon|25px|25px|25px|25px\u00bb border_width_all=\u00bb6px\u00bb border_color_all=\u00bb#FFFFFF\u00bb global_colors_info=\u00bb{}\u00bb][\/et_pb_image][\/et_pb_column][et_pb_column type=\u00bb2_3&#8243; specialty_columns=\u00bb2&#8243; _builder_version=\u00bb4.16&#8243; custom_padding=\u00bb|||\u00bb global_colors_info=\u00bb{}\u00bb custom_padding__hover=\u00bb|||\u00bb][et_pb_row_inner _builder_version=\u00bb4.16&#8243; _module_preset=\u00bbdefault\u00bb global_colors_info=\u00bb{}\u00bb][et_pb_column_inner saved_specialty_column_type=\u00bb2_3&#8243; _builder_version=\u00bb4.16&#8243; _module_preset=\u00bbdefault\u00bb global_colors_info=\u00bb{}\u00bb][et_pb_text _builder_version=\u00bb4.21.0&#8243; _module_preset=\u00bbdefault\u00bb text_font=\u00bb|700||on|||||\u00bb text_font_size=\u00bb18px\u00bb positioning=\u00bbrelative\u00bb custom_margin=\u00bb||15px||false|false\u00bb custom_padding=\u00bb|||45px|false|false\u00bb animation_style=\u00bbslide\u00bb animation_direction=\u00bbbottom\u00bb text_font_size_tablet=\u00bb\u00bb text_font_size_phone=\u00bb17px\u00bb text_font_size_last_edited=\u00bbon|phone\u00bb custom_css_before=\u00bbcontent: \u00bb;||width:33px;||height: 1px;||background: var(&#8211;color-1);||position: absolute;left: 0;||top: 50%;||transform: translateY(-50%);\u00bb custom_css_main_element=\u00bbcolor:var(&#8211;color-1);\u00bb global_colors_info=\u00bb{}\u00bb]<\/p>\n<p>marco colombo<\/p>\n<p>[\/et_pb_text][et_pb_text _builder_version=\u00bb4.21.0&#8243; _module_preset=\u00bbdefault\u00bb text_font=\u00bb|700|||||||\u00bb text_text_color=\u00bb#000000&#8243; text_font_size=\u00bb35px\u00bb text_line_height=\u00bb40px\u00bb header_font=\u00bb|||on|||||\u00bb custom_margin=\u00bb||15px||false|false\u00bb animation_style=\u00bbslide\u00bb animation_direction=\u00bbbottom\u00bb animation_duration=\u00bb1050ms\u00bb animation_speed_curve=\u00bblinear\u00bb text_font_size_tablet=\u00bb\u00bb text_font_size_phone=\u00bb25px\u00bb text_font_size_last_edited=\u00bbon|phone\u00bb text_line_height_tablet=\u00bb\u00bb text_line_height_phone=\u00bb35px\u00bb text_line_height_last_edited=\u00bbon|phone\u00bb global_colors_info=\u00bb{}\u00bb]<\/p>\n<h1 class=\"p1\"><b>El estudio commercialista en Rescaldina, entre Legnano, Busto Arsizio y Saronno.<\/b><\/h1>\n<p>[\/et_pb_text][et_pb_text _builder_version=\u00bb4.21.0&#8243; _module_preset=\u00bbdefault\u00bb text_text_color=\u00bb#000000&#8243; text_font_size=\u00bb15px\u00bb text_line_height=\u00bb23px\u00bb text_orientation=\u00bbjustified\u00bb animation_style=\u00bbslide\u00bb animation_direction=\u00bbbottom\u00bb animation_duration=\u00bb1050ms\u00bb animation_speed_curve=\u00bblinear\u00bb global_colors_info=\u00bb{}\u00bb]<\/p>\n<p class=\"p1\">Marco Colombo es Doctor en Contabilidad y Auditor Contable con un despacho en Rescaldina, un municipio en la provincia de Mil\u00e1n, entre Legnano, Busto Arsizio y Saronno, en la provincia de Varese. Adem\u00e1s de contar con una excelente formaci\u00f3n en todos los aspectos operativos relacionados con su profesi\u00f3n, el Doctor Marco Colombo siempre se ha mantenido actualizado, perfeccionando continuamente sus habilidades y experiencias para ofrecer a los clientes servicios que van mucho m\u00e1s all\u00e1 de la contabilidad y las actividades administrativas ordinarias.<\/p>\n<p>Gracias a un enfoque profesional muy riguroso y una actualizaci\u00f3n constante en t\u00e9rminos legales, el Dr. Marco Colombo garantiza un apoyo totalmente completo a los empresarios que gestionan empresas de cualquier tama\u00f1o, desde la empresa individual hasta la gran empresa, as\u00ed como desde la empresa local hasta la internacional, brindando una asistencia integral orientada a mejorar el negocio.<\/p>\n<p>Las consultas del Dr. Marco Colombo tambi\u00e9n est\u00e1n dirigidas a las startups, es decir, a los emprendedores que desean iniciar un nuevo negocio: en este caso, el servicio tambi\u00e9n incluir\u00e1 valiosos consejos sobre la gesti\u00f3n de inversiones y la elecci\u00f3n de las caracter\u00edsticas de la empresa a formar, como por ejemplo el nombre comercial.<\/p>\n<p>Por supuesto, incluso los particulares pueden beneficiarse del valioso apoyo del Dr. Marco Colombo, tanto para actividades m\u00e1s simples, como por ejemplo la preparaci\u00f3n y presentaci\u00f3n de la declaraci\u00f3n de impuestos anual, como para necesidades m\u00e1s complejas, como por ejemplo la gesti\u00f3n fiscal y contractual de propiedades en alquiler.<\/p>\n<p>Para cualquier necesidad, el estudio del Dr. Marco Colombo, el contador en Rescaldina, puede proporcionar servicios especializados impecables, encarg\u00e1ndose de manera totalmente aut\u00f3noma de cualquier tipo de cumplimiento.<\/p>\n<p>[\/et_pb_text][\/et_pb_column_inner][\/et_pb_row_inner][et_pb_row_inner column_structure=\u00bb1_2,1_2&#8243; use_custom_gutter=\u00bbon\u00bb gutter_width=\u00bb2&#8243; make_equal=\u00bbon\u00bb _builder_version=\u00bb4.21.0&#8243; _module_preset=\u00bbdefault\u00bb width=\u00bb100%\u00bb width_tablet=\u00bb\u00bb width_phone=\u00bb100%\u00bb width_last_edited=\u00bbon|phone\u00bb custom_padding=\u00bb0px||0px||true|false\u00bb global_colors_info=\u00bb{}\u00bb][et_pb_column_inner type=\u00bb1_2&#8243; saved_specialty_column_type=\u00bb2_3&#8243; _builder_version=\u00bb4.16&#8243; _module_preset=\u00bbdefault\u00bb global_colors_info=\u00bb{}\u00bb][et_pb_button button_url=\u00bb@ET-DC@eyJkeW5hbWljIjp0cnVlLCJjb250ZW50IjoicG9zdF9saW5rX3VybF9wYWdlIiwic2V0dGluZ3MiOnsicG9zdF9pZCI6Ijk3MzYyIn19@\u00bb button_text=\u00bb\u00a1PRENOTA UNA CITA!\u00bb _builder_version=\u00bb4.21.0&#8243; _dynamic_attributes=\u00bbbutton_url\u00bb _module_preset=\u00bbdefault\u00bb custom_button=\u00bbon\u00bb button_text_size=\u00bb16px\u00bb button_text_color=\u00bb#FFFFFF\u00bb button_border_width=\u00bb0px\u00bb button_border_radius=\u00bb50px\u00bb button_letter_spacing=\u00bb1px\u00bb button_font=\u00bb|700||on|||||\u00bb button_use_icon=\u00bboff\u00bb custom_padding=\u00bb11px|30px|11px|30px|true|true\u00bb animation_style=\u00bbslide\u00bb animation_direction=\u00bbbottom\u00bb animation_duration=\u00bb1050ms\u00bb animation_speed_curve=\u00bblinear\u00bb custom_css_main_element=\u00bbbackground-color: var(&#8211;color-1)\u00bb global_colors_info=\u00bb{}\u00bb custom_css_main_element__hover_enabled=\u00bbon|hover\u00bb custom_css_main_element__hover=\u00bbbackground-color: var(&#8211;color-2) !important;\u00bb][\/et_pb_button][\/et_pb_column_inner][et_pb_column_inner type=\u00bb1_2&#8243; saved_specialty_column_type=\u00bb2_3&#8243; _builder_version=\u00bb4.16&#8243; _module_preset=\u00bbdefault\u00bb global_colors_info=\u00bb{}\u00bb][et_pb_blurb title=\u00bb0331 57 99 91&#8243; url=\u00bbtel:+390331579991&#8243; icon_placement=\u00bbleft\u00bb content_max_width=\u00bb100%\u00bb module_class=\u00bbdct_blurb_rd\u00bb _builder_version=\u00bb4.21.0&#8243; _module_preset=\u00bbdefault\u00bb header_font=\u00bb|700|||||||\u00bb header_font_size=\u00bb24px\u00bb image_icon_custom_margin=\u00bb8px||0px||false|false\u00bb custom_margin=\u00bb||0px||false|false\u00bb link_option_url=\u00bbtel:+390331579991&#8243; hover_enabled=\u00bb0&#8243; custom_css_blurb_title=\u00bbpadding-bottom: 0;||margin-top: 10px;\u00bb global_colors_info=\u00bb{}\u00bb icon_color__hover_enabled=\u00bbon|desktop\u00bb icon_color__hover=\u00bbrgba(1,24,51,0.68)\u00bb sticky_enabled=\u00bb0&#8243; background__hover_enabled=\u00bbon|hover\u00bb][\/et_pb_blurb][\/et_pb_column_inner][\/et_pb_row_inner][\/et_pb_column][\/et_pb_section][et_pb_section fb_built=\u00bb1&#8243; _builder_version=\u00bb4.21.0&#8243; _module_preset=\u00bbdefault\u00bb background_image=\u00bbhttps:\/\/www.commercialistalegnano.it\/wp-content\/uploads\/2023\/07\/commercialista_legnano7.jpg\u00bb parallax=\u00bbon\u00bb custom_padding=\u00bb126px||133px|||\u00bb global_colors_info=\u00bb{}\u00bb][\/et_pb_section][et_pb_section fb_built=\u00bb1&#8243; custom_padding_last_edited=\u00bbon|phone\u00bb _builder_version=\u00bb4.21.0&#8243; _module_preset=\u00bbdefault\u00bb background_color=\u00bb#ffffff\u00bb custom_padding_tablet=\u00bb\u00bb custom_padding_phone=\u00bb0px||0px||true|false\u00bb global_colors_info=\u00bb{}\u00bb][et_pb_row column_structure=\u00bb1_2,1_2&#8243; _builder_version=\u00bb4.21.0&#8243; _module_preset=\u00bbdefault\u00bb max_width=\u00bb1245px\u00bb global_colors_info=\u00bb{}\u00bb][et_pb_column type=\u00bb1_2&#8243; _builder_version=\u00bb4.16&#8243; _module_preset=\u00bbdefault\u00bb global_colors_info=\u00bb{}\u00bb][et_pb_text _builder_version=\u00bb4.21.0&#8243; _module_preset=\u00bbdefault\u00bb text_font=\u00bb|700||on|||||\u00bb text_font_size=\u00bb18px\u00bb positioning=\u00bbrelative\u00bb custom_margin=\u00bb||15px||false|false\u00bb custom_padding=\u00bb|||45px|false|false\u00bb animation_style=\u00bbslide\u00bb animation_direction=\u00bbbottom\u00bb text_font_size_tablet=\u00bb\u00bb text_font_size_phone=\u00bb17px\u00bb text_font_size_last_edited=\u00bbon|phone\u00bb custom_css_before=\u00bbcontent: \u00bb;||width:33px;||height: 1px;||background: var(&#8211;color-1);||position: absolute;left: 0;||top: 50%;||transform: translateY(-50%);\u00bb custom_css_main_element=\u00bbcolor:var(&#8211;color-1);\u00bb global_colors_info=\u00bb{}\u00bb]<\/p>\n<p>MARCO COLOMBO<\/p>\n<p>[\/et_pb_text][et_pb_text _builder_version=\u00bb4.21.0&#8243; _module_preset=\u00bbdefault\u00bb text_font=\u00bb|700|||||||\u00bb text_text_color=\u00bb#000000&#8243; text_font_size=\u00bb35px\u00bb text_line_height=\u00bb40px\u00bb header_3_font=\u00bb|700||on|||||\u00bb custom_margin=\u00bb||15px||false|false\u00bb animation_style=\u00bbslide\u00bb animation_direction=\u00bbbottom\u00bb animation_duration=\u00bb1050ms\u00bb animation_speed_curve=\u00bblinear\u00bb text_font_size_tablet=\u00bb\u00bb text_font_size_phone=\u00bb25px\u00bb text_font_size_last_edited=\u00bbon|phone\u00bb text_line_height_tablet=\u00bb\u00bb text_line_height_phone=\u00bb35px\u00bb text_line_height_last_edited=\u00bbon|phone\u00bb global_colors_info=\u00bb{}\u00bb]<\/p>\n<h3>Nuestros principales servicios incluyen:<\/h3>\n<p>[\/et_pb_text][et_pb_blurb title=\u00bbConsultor\u00eda empresarial de todo tipo\u00bb use_icon=\u00bbon\u00bb font_icon=\u00bb&#xe052;||divi||400&#8243; icon_placement=\u00bbleft\u00bb content_max_width=\u00bb100%\u00bb module_class=\u00bbdct_icon\u00bb _builder_version=\u00bb4.21.0&#8243; _module_preset=\u00bbdefault\u00bb header_font=\u00bb|700||on|||||\u00bb header_font_size=\u00bb18px\u00bb positioning=\u00bbrelative\u00bb custom_margin=\u00bb||0px||false|false\u00bb custom_padding=\u00bb20px||20px||true|false\u00bb custom_css_after=\u00bbposition: absolute;||content: \u00bb;||left: 32px;||bottom: 0;||width: 100px;||height: 1px;||background-color: #e0e4e4;\u00bb global_colors_info=\u00bb{}\u00bb][\/et_pb_blurb][et_pb_blurb title=\u00bbElaboraci\u00f3n de contabilidades ordinarias o simplificadas, as\u00ed como de la contabilidad de profesionales.\u00bb use_icon=\u00bbon\u00bb font_icon=\u00bb&#xe052;||divi||400&#8243; icon_placement=\u00bbleft\u00bb content_max_width=\u00bb100%\u00bb module_class=\u00bbdct_icon\u00bb _builder_version=\u00bb4.21.0&#8243; _module_preset=\u00bbdefault\u00bb header_font=\u00bb|700||on|||||\u00bb header_font_size=\u00bb18px\u00bb positioning=\u00bbrelative\u00bb custom_margin=\u00bb||0px||false|false\u00bb custom_padding=\u00bb20px||20px||true|false\u00bb custom_css_after=\u00bbposition: absolute;||content: \u00bb;||left: 32px;||bottom: 0;||width: 100px;||height: 1px;||background-color: #e0e4e4;\u00bb global_colors_info=\u00bb{}\u00bb][\/et_pb_blurb][et_pb_blurb title=\u00bbContabilidad simplificada para empresas espec\u00edficas (agroturismos, acuicultura, etc.) y para profesionales espec\u00edficos (agricultores, pescadores, etc.).\u00bb use_icon=\u00bbon\u00bb font_icon=\u00bb&#xe052;||divi||400&#8243; icon_placement=\u00bbleft\u00bb content_max_width=\u00bb100%\u00bb module_class=\u00bbdct_icon\u00bb _builder_version=\u00bb4.21.0&#8243; _module_preset=\u00bbdefault\u00bb header_font=\u00bb|700||on|||||\u00bb header_font_size=\u00bb18px\u00bb positioning=\u00bbrelative\u00bb custom_margin=\u00bb||0px||false|false\u00bb custom_padding=\u00bb20px||20px||true|false\u00bb custom_css_after=\u00bbposition: absolute;||content: \u00bb;||left: 32px;||bottom: 0;||width: 100px;||height: 1px;||background-color: #e0e4e4;\u00bb global_colors_info=\u00bb{}\u00bb][\/et_pb_blurb][et_pb_blurb title=\u00bbPreparaci\u00f3n de balances de la Uni\u00f3n Europea.\u00bb use_icon=\u00bbon\u00bb font_icon=\u00bb&#xe052;||divi||400&#8243; icon_placement=\u00bbleft\u00bb content_max_width=\u00bb100%\u00bb module_class=\u00bbdct_icon\u00bb _builder_version=\u00bb4.21.0&#8243; _module_preset=\u00bbdefault\u00bb header_font=\u00bb|700||on|||||\u00bb header_font_size=\u00bb18px\u00bb positioning=\u00bbrelative\u00bb custom_margin=\u00bb||0px||false|false\u00bb custom_padding=\u00bb20px||20px||true|false\u00bb custom_css_after=\u00bbposition: absolute;||content: \u00bb;||left: 32px;||bottom: 0;||width: 100px;||height: 1px;||background-color: #e0e4e4;\u00bb global_colors_info=\u00bb{}\u00bb][\/et_pb_blurb][et_pb_blurb title=\u00bbPreparaci\u00f3n de declaraciones de impuestos de todo tipo.\u00bb use_icon=\u00bbon\u00bb font_icon=\u00bb&#xe052;||divi||400&#8243; icon_placement=\u00bbleft\u00bb content_max_width=\u00bb100%\u00bb module_class=\u00bbdct_icon\u00bb _builder_version=\u00bb4.21.0&#8243; _module_preset=\u00bbdefault\u00bb header_font=\u00bb|700||on|||||\u00bb header_font_size=\u00bb18px\u00bb positioning=\u00bbrelative\u00bb custom_margin=\u00bb||0px||false|false\u00bb custom_padding=\u00bb20px||20px||true|false\u00bb custom_css_after=\u00bbposition: absolute;||content: \u00bb;||left: 32px;||bottom: 0;||width: 100px;||height: 1px;||background-color: #e0e4e4;\u00bb global_colors_info=\u00bb{}\u00bb][\/et_pb_blurb][et_pb_blurb title=\u00bbPeritajes y valoraciones de empresas\u00bb use_icon=\u00bbon\u00bb font_icon=\u00bb&#xe052;||divi||400&#8243; icon_placement=\u00bbleft\u00bb content_max_width=\u00bb100%\u00bb module_class=\u00bbdct_icon\u00bb _builder_version=\u00bb4.21.0&#8243; _module_preset=\u00bbdefault\u00bb header_font=\u00bb|700||on|||||\u00bb header_font_size=\u00bb18px\u00bb positioning=\u00bbrelative\u00bb custom_margin=\u00bb||0px||false|false\u00bb custom_padding=\u00bb20px||20px||true|false\u00bb custom_css_after=\u00bbposition: absolute;||content: \u00bb;||left: 32px;||bottom: 0;||width: 100px;||height: 1px;||background-color: #e0e4e4;\u00bb global_colors_info=\u00bb{}\u00bb][\/et_pb_blurb][et_pb_blurb title=\u00bbPreparaci\u00f3n de modelos Intrastat.\u00bb use_icon=\u00bbon\u00bb font_icon=\u00bb&#xe052;||divi||400&#8243; icon_placement=\u00bbleft\u00bb content_max_width=\u00bb100%\u00bb module_class=\u00bbdct_icon\u00bb _builder_version=\u00bb4.21.0&#8243; _module_preset=\u00bbdefault\u00bb header_font=\u00bb|700||on|||||\u00bb header_font_size=\u00bb18px\u00bb positioning=\u00bbrelative\u00bb custom_margin=\u00bb||0px||false|false\u00bb custom_padding=\u00bb20px||20px||true|false\u00bb custom_css_after=\u00bbposition: absolute;||content: \u00bb;||left: 32px;||bottom: 0;||width: 100px;||height: 1px;||background-color: #e0e4e4;\u00bb global_colors_info=\u00bb{}\u00bb][\/et_pb_blurb][et_pb_blurb title=\u00bbGesti\u00f3n contractual y fiscal de propiedades en alquiler o en comodato de uso.\u00bb use_icon=\u00bbon\u00bb font_icon=\u00bb&#xe052;||divi||400&#8243; icon_placement=\u00bbleft\u00bb content_max_width=\u00bb100%\u00bb module_class=\u00bbdct_icon\u00bb _builder_version=\u00bb4.21.0&#8243; _module_preset=\u00bbdefault\u00bb header_font=\u00bb|700||on|||||\u00bb header_font_size=\u00bb18px\u00bb positioning=\u00bbrelative\u00bb custom_margin=\u00bb||0px||false|false\u00bb custom_padding=\u00bb20px||20px||true|false\u00bb custom_css_after=\u00bbposition: absolute;||content: \u00bb;||left: 32px;||bottom: 0;||width: 100px;||height: 1px;||background-color: #e0e4e4;\u00bb global_colors_info=\u00bb{}\u00bb][\/et_pb_blurb][\/et_pb_column][et_pb_column type=\u00bb1_2&#8243; _builder_version=\u00bb4.16&#8243; _module_preset=\u00bbdefault\u00bb global_colors_info=\u00bb{}\u00bb][et_pb_image src=\u00bbhttps:\/\/www.commercialistalegnano.it\/wp-content\/uploads\/2023\/07\/commercialista_legnano10.jpg\u00bb title_text=\u00bbBusiness technology\u00bb _builder_version=\u00bb4.21.0&#8243; _module_preset=\u00bbdefault\u00bb animation_style=\u00bbslide\u00bb animation_direction=\u00bbright\u00bb animation_duration=\u00bb1300ms\u00bb global_colors_info=\u00bb{}\u00bb][\/et_pb_image][\/et_pb_column][\/et_pb_row][\/et_pb_section][et_pb_section fb_built=\u00bb1&#8243; custom_padding_last_edited=\u00bbon|tablet\u00bb _builder_version=\u00bb4.21.0&#8243; _module_preset=\u00bbdefault\u00bb background_color=\u00bb#f7f7f7&#8243; custom_padding=\u00bb0px||||false|false\u00bb custom_padding_tablet=\u00bb0px||0px||true|false\u00bb custom_padding_phone=\u00bb\u00bb global_colors_info=\u00bb{}\u00bb][et_pb_row _builder_version=\u00bb4.16&#8243; _module_preset=\u00bbdefault\u00bb global_colors_info=\u00bb{}\u00bb][et_pb_column type=\u00bb4_4&#8243; _builder_version=\u00bb4.16&#8243; _module_preset=\u00bbdefault\u00bb global_colors_info=\u00bb{}\u00bb][et_pb_text _builder_version=\u00bb4.21.0&#8243; _module_preset=\u00bbdefault\u00bb text_font=\u00bb|700||on|||||\u00bb text_font_size=\u00bb18px\u00bb positioning=\u00bbrelative\u00bb text_orientation=\u00bbcenter\u00bb custom_margin=\u00bb||15px||false|false\u00bb custom_padding=\u00bb||||false|false\u00bb animation_style=\u00bbslide\u00bb animation_direction=\u00bbbottom\u00bb text_font_size_tablet=\u00bb\u00bb text_font_size_phone=\u00bb17px\u00bb text_font_size_last_edited=\u00bbon|phone\u00bb custom_css_main_element=\u00bbcolor:var(&#8211;color-1);\u00bb global_colors_info=\u00bb{}\u00bb]<\/p>\n<p>MARCO COLOMBO<\/p>\n<p>[\/et_pb_text][et_pb_text _builder_version=\u00bb4.21.0&#8243; _module_preset=\u00bbdefault\u00bb text_font=\u00bb|700|||||||\u00bb text_text_color=\u00bb#000000&#8243; text_font_size=\u00bb35px\u00bb text_line_height=\u00bb40px\u00bb text_orientation=\u00bbcenter\u00bb custom_margin=\u00bb||15px||false|false\u00bb animation_style=\u00bbslide\u00bb animation_direction=\u00bbbottom\u00bb animation_duration=\u00bb1050ms\u00bb animation_speed_curve=\u00bblinear\u00bb text_font_size_tablet=\u00bb\u00bb text_font_size_phone=\u00bb25px\u00bb text_font_size_last_edited=\u00bbon|phone\u00bb text_line_height_tablet=\u00bb\u00bb text_line_height_phone=\u00bb35px\u00bb text_line_height_last_edited=\u00bbon|phone\u00bb global_colors_info=\u00bb{}\u00bb]<\/p>\n<p>NUESTRO EQUIPO:<\/p>\n<p>[\/et_pb_text][\/et_pb_column][\/et_pb_row][et_pb_row column_structure=\u00bb1_4,1_4,1_4,1_4&#8243; use_custom_gutter=\u00bbon\u00bb gutter_width=\u00bb2&#8243; make_equal=\u00bbon\u00bb _builder_version=\u00bb4.21.0&#8243; _module_preset=\u00bbdefault\u00bb width=\u00bb86%\u00bb max_width=\u00bb1661px\u00bb global_colors_info=\u00bb{}\u00bb][et_pb_column type=\u00bb1_4&#8243; module_class=\u00bbdct_team_v2&#8243; _builder_version=\u00bb4.16&#8243; _module_preset=\u00bbdefault\u00bb animation_style=\u00bbslide\u00bb animation_direction=\u00bbleft\u00bb animation_duration=\u00bb1300ms\u00bb global_colors_info=\u00bb{}\u00bb][\/et_pb_column][et_pb_column type=\u00bb1_4&#8243; module_class=\u00bbdct_team_v2&#8243; _builder_version=\u00bb4.16&#8243; _module_preset=\u00bbdefault\u00bb animation_style=\u00bbslide\u00bb animation_duration=\u00bb1300ms\u00bb global_colors_info=\u00bb{}\u00bb][et_pb_team_member image_url=\u00bbhttps:\/\/www.commercialistalegnano.it\/wp-content\/uploads\/2023\/07\/marco_colombo.jpeg\u00bb _builder_version=\u00bb4.21.0&#8243; _module_preset=\u00bbdefault\u00bb custom_margin=\u00bb||0px||false|false\u00bb global_colors_info=\u00bb{}\u00bb][\/et_pb_team_member][et_pb_blurb title=\u00bbDR. MARCO COLOMBO\u00bb module_class=\u00bbdct_blurb_1&#8243; _builder_version=\u00bb4.21.0&#8243; _module_preset=\u00bbdefault\u00bb header_font=\u00bb|700|||||||\u00bb header_font_size=\u00bb20px\u00bb body_font_size=\u00bb16px\u00bb text_orientation=\u00bbcenter\u00bb custom_margin=\u00bb||0px||false|false\u00bb custom_padding=\u00bb25px|25px|25px|25px|true|true\u00bb custom_css_blurb_content=\u00bbborder-bottom: 1px solid #eaecec;\u00bb border_width_all=\u00bb1px\u00bb border_color_all=\u00bb#e0e4e4&#8243; border_width_bottom=\u00bb0px\u00bb global_colors_info=\u00bb{}\u00bb]<\/p>\n<p>Contador y Auditor<\/p>\n<p>[\/et_pb_blurb][\/et_pb_column][et_pb_column type=\u00bb1_4&#8243; module_class=\u00bbdct_team_v2&#8243; _builder_version=\u00bb4.16&#8243; _module_preset=\u00bbdefault\u00bb animation_style=\u00bbslide\u00bb animation_duration=\u00bb1300ms\u00bb global_colors_info=\u00bb{}\u00bb][et_pb_team_member image_url=\u00bbhttps:\/\/www.commercialistalegnano.it\/wp-content\/uploads\/2023\/07\/nora.jpeg\u00bb _builder_version=\u00bb4.21.0&#8243; _module_preset=\u00bbdefault\u00bb custom_margin=\u00bb||0px||false|false\u00bb global_colors_info=\u00bb{}\u00bb][\/et_pb_team_member][et_pb_blurb title=\u00bbNORA GOMEZ\u00bb module_class=\u00bbdct_blurb_1&#8243; _builder_version=\u00bb4.21.0&#8243; _module_preset=\u00bbdefault\u00bb header_font=\u00bb|700|||||||\u00bb header_font_size=\u00bb20px\u00bb body_font_size=\u00bb16px\u00bb text_orientation=\u00bbcenter\u00bb custom_margin=\u00bb||0px||false|false\u00bb custom_padding=\u00bb25px|25px|25px|25px|true|true\u00bb custom_css_blurb_content=\u00bbborder-bottom: 1px solid #eaecec;\u00bb border_width_all=\u00bb1px\u00bb border_color_all=\u00bb#e0e4e4&#8243; border_width_bottom=\u00bb0px\u00bb global_colors_info=\u00bb{}\u00bb]<\/p>\n<p><span>Secretar\u00eda y Administraci\u00f3n<\/span><\/p>\n<p>[\/et_pb_blurb][\/et_pb_column][et_pb_column type=\u00bb1_4&#8243; module_class=\u00bbdct_team_v2&#8243; _builder_version=\u00bb4.16&#8243; _module_preset=\u00bbdefault\u00bb animation_style=\u00bbslide\u00bb animation_duration=\u00bb1300ms\u00bb global_colors_info=\u00bb{}\u00bb][\/et_pb_column][\/et_pb_row][\/et_pb_section]<\/p>\n","protected":false},"excerpt":{"rendered":"<p>marco colomboEl estudio commercialista en Rescaldina, entre Legnano, Busto Arsizio y Saronno.Marco Colombo es Doctor en Contabilidad y Auditor Contable con un despacho en Rescaldina, un municipio en la provincia de Mil\u00e1n, entre Legnano, Busto Arsizio y Saronno, en la provincia de Varese. Adem\u00e1s de contar con una excelente formaci\u00f3n en todos los aspectos operativos [&hellip;]<\/p>\n","protected":false},"author":1,"featured_media":0,"parent":0,"menu_order":0,"comment_status":"closed","ping_status":"closed","template":"","meta":{"_et_pb_use_builder":"on","_et_pb_old_content":"","_et_gb_content_width":"","footnotes":""},"class_list":["post-100884","page","type-page","status-publish","hentry"],"_links":{"self":[{"href":"https:\/\/www.commercialistalegnano.it\/es\/wp-json\/wp\/v2\/pages\/100884","targetHints":{"allow":["GET"]}}],"collection":[{"href":"https:\/\/www.commercialistalegnano.it\/es\/wp-json\/wp\/v2\/pages"}],"about":[{"href":"https:\/\/www.commercialistalegnano.it\/es\/wp-json\/wp\/v2\/types\/page"}],"author":[{"embeddable":true,"href":"https:\/\/www.commercialistalegnano.it\/es\/wp-json\/wp\/v2\/users\/1"}],"replies":[{"embeddable":true,"href":"https:\/\/www.commercialistalegnano.it\/es\/wp-json\/wp\/v2\/comments?post=100884"}],"version-history":[{"count":3,"href":"https:\/\/www.commercialistalegnano.it\/es\/wp-json\/wp\/v2\/pages\/100884\/revisions"}],"predecessor-version":[{"id":100887,"href":"https:\/\/www.commercialistalegnano.it\/es\/wp-json\/wp\/v2\/pages\/100884\/revisions\/100887"}],"wp:attachment":[{"href":"https:\/\/www.commercialistalegnano.it\/es\/wp-json\/wp\/v2\/media?parent=100884"}],"curies":[{"name":"wp","href":"https:\/\/api.w.org\/{rel}","templated":true}]}}