{"id":100877,"date":"2023-07-17T12:56:57","date_gmt":"2023-07-17T12:56:57","guid":{"rendered":"https:\/\/www.commercialistalegnano.it\/declaracion-de-impuestos\/"},"modified":"2023-07-17T12:56:57","modified_gmt":"2023-07-17T12:56:57","slug":"declaracion-de-impuestos","status":"publish","type":"page","link":"https:\/\/www.commercialistalegnano.it\/es\/declaracion-de-impuestos\/","title":{"rendered":"Declaraci\u00f3n de impuestos"},"content":{"rendered":"<h1 class=\"h4 pi-weight-700 pi-uppercase pi-letter-spacing pi-has-bg pi-margin-bottom-20 pi-margin-top-minus-5\">Declaraci\u00f3n de impuestos en Legnano, Busto Arsizio, Rescaldina y Castellanza.<\/h1>\n<p class=\"justy\">El estudio del Dr. Marco Colombo, contador en Rescaldina, en la provincia de Mil\u00e1n, no solo brinda asesoramiento a empresarios y empresas, sino tambi\u00e9n a personas f\u00edsicas que, como se sabe, deben presentar la declaraci\u00f3n de impuestos cada a\u00f1o. Opera en particular en la zona entre Legnano, Busto Arsizio y Saronno, en las provincias de Mil\u00e1n, Varese y Como.<\/p>\n<p>La declaraci\u00f3n de impuestos es un tr\u00e1mite fiscal absolutamente indispensable y que, especialmente en ciertos casos, resulta particularmente complejo.<\/p>\n<p>A ello se debe a\u00f1adir el hecho de que, en los \u00faltimos tiempos, las formas de presentaci\u00f3n de la declaraci\u00f3n de impuestos han experimentado grandes cambios, por lo que recurrir a un apoyo profesional puede ser absolutamente necesario.<\/p>\n<p>Podemos ocuparnos de manera totalmente aut\u00f3noma de las declaraciones de impuestos de trabajadores asalariados, aut\u00f3nomos o incluso de personas f\u00edsicas que tienen ingresos de tipo mixto o de naturaleza diferente, relacionados, por ejemplo, con el alquiler de propiedades inmobiliarias.<\/p>\n","protected":false},"excerpt":{"rendered":"<p>Declaraci\u00f3n de impuestos en Legnano, Busto Arsizio, Rescaldina y Castellanza. El estudio del Dr. Marco Colombo, contador en Rescaldina, en la provincia de Mil\u00e1n, no solo brinda asesoramiento a empresarios y empresas, sino tambi\u00e9n a personas f\u00edsicas que, como se sabe, deben presentar la declaraci\u00f3n de impuestos cada a\u00f1o. Opera en particular en la zona [&hellip;]<\/p>\n","protected":false},"author":1,"featured_media":100523,"parent":0,"menu_order":0,"comment_status":"closed","ping_status":"closed","template":"","meta":{"_et_pb_use_builder":"","_et_pb_old_content":"","_et_gb_content_width":"","footnotes":""},"class_list":["post-100877","page","type-page","status-publish","has-post-thumbnail","hentry"],"_links":{"self":[{"href":"https:\/\/www.commercialistalegnano.it\/es\/wp-json\/wp\/v2\/pages\/100877","targetHints":{"allow":["GET"]}}],"collection":[{"href":"https:\/\/www.commercialistalegnano.it\/es\/wp-json\/wp\/v2\/pages"}],"about":[{"href":"https:\/\/www.commercialistalegnano.it\/es\/wp-json\/wp\/v2\/types\/page"}],"author":[{"embeddable":true,"href":"https:\/\/www.commercialistalegnano.it\/es\/wp-json\/wp\/v2\/users\/1"}],"replies":[{"embeddable":true,"href":"https:\/\/www.commercialistalegnano.it\/es\/wp-json\/wp\/v2\/comments?post=100877"}],"version-history":[{"count":0,"href":"https:\/\/www.commercialistalegnano.it\/es\/wp-json\/wp\/v2\/pages\/100877\/revisions"}],"wp:featuredmedia":[{"embeddable":true,"href":"https:\/\/www.commercialistalegnano.it\/es\/wp-json\/wp\/v2\/media\/100523"}],"wp:attachment":[{"href":"https:\/\/www.commercialistalegnano.it\/es\/wp-json\/wp\/v2\/media?parent=100877"}],"curies":[{"name":"wp","href":"https:\/\/api.w.org\/{rel}","templated":true}]}}