{"id":100876,"date":"2023-07-17T12:46:50","date_gmt":"2023-07-17T12:46:50","guid":{"rendered":"https:\/\/www.commercialistalegnano.it\/cooperativas\/"},"modified":"2023-07-17T12:46:50","modified_gmt":"2023-07-17T12:46:50","slug":"cooperativas","status":"publish","type":"page","link":"https:\/\/www.commercialistalegnano.it\/es\/cooperativas\/","title":{"rendered":"cooperativas"},"content":{"rendered":"<h1 class=\"h2 pi-weight-300 pi-margin-bottom-5\">Consultor para cooperativas en la provincia de Mil\u00e1n y Varese.<\/h1>\n<h2 class=\"h4 pi-weight-700 pi-uppercase pi-letter-spacing pi-has-bg pi-margin-bottom-20 pi-margin-top-minus-5\">Asesoramiento especializado para cooperativas en Legnano, Busto Arsizio, Saronno y Como.<\/h2>\n<p>Contador y Auditor, el <strong>Dr. Colombo<\/strong> es un <strong>consultor para cooperativas que trabaja en las provincias de Mil\u00e1n y Varese<\/strong>, ofreciendo sus servicios en contabilidad y fiscalidad a todas las sociedades cooperativas con sede en <strong>Legnano, Busto Arsizio, Saronno y Como<\/strong>.<\/p>\n<p>El profesional es un verdadero experto en este campo y ha estado colaborando durante a\u00f1os con asociaciones y entidades que brindan <strong>servicios de asesoramiento a las cooperativas locales.<\/strong> El Estudio Colombo, con sede en Rescaldina, es un punto de referencia para todos aquellos que gestionan empresas de este tipo: ya sea en <strong>cuestiones administrativas, contables, fiscales o tributarias<\/strong>, quienes acudan al Doctor encontrar\u00e1n un gran apoyo y profesionalismo.<\/p>\n<p>Marco Colombo ofrece sus servicios de asesoramiento no solo a aquellos que ya son parte de una cooperativa, sino tambi\u00e9n a quienes desean establecer una, acompa\u00f1\u00e1ndolos en todas las etapas del proceso, desde el registro de los actos hasta la creaci\u00f3n de los estatutos.<\/p>\n<p><strong>La gesti\u00f3n de los aspectos operativos de las sociedades cooperativas, la administraci\u00f3n y organizaci\u00f3n<\/strong> de registros y libros contables, el asesoramiento sobre normas de derecho tributario y la preparaci\u00f3n de los estados financieros son solo algunas de las actividades que el Estudio Colombo lleva a cabo. El servicio ofrecido por el Dr. Colombo tambi\u00e9n incluye <strong>asesoramiento en materia de obligaciones fiscales de las sociedades cooperativas<\/strong>, de cualquier naturaleza que sean, y la gesti\u00f3n completa de la administraci\u00f3n y <strong>contabilidad<\/strong> del cliente.<\/p>\n<p>Adem\u00e1s, los miembros de las <strong>cooperativas de Legnano, Busto Arsizio, Saronno, Como, Varese y Milano<\/strong> encuentran en el Dr. Colombo un <strong>apoyo v\u00e1lido tambi\u00e9n en la gesti\u00f3n de procedimientos ejecutivos<\/strong>, como la quiebra de la sociedad o su disoluci\u00f3n por incumplimiento de los t\u00e9rminos mutualistas.<\/p>\n<p><strong>La transparencia, la correcci\u00f3n y la competencia<\/strong> siempre han sido la base del trabajo realizado por el Estudio del Dr. Marco Colombo como contador para las cooperativas de la zona. El profesional, de hecho, siempre est\u00e1 dispuesto a ofrecer sus conocimientos especializados para que los miembros de las cooperativas emprendan las mejores acciones leg\u00edtimas para el \u00e9xito de la cooperativa.<\/p>\n","protected":false},"excerpt":{"rendered":"<p>Consultor para cooperativas en la provincia de Mil\u00e1n y Varese. Asesoramiento especializado para cooperativas en Legnano, Busto Arsizio, Saronno y Como. Contador y Auditor, el Dr. Colombo es un consultor para cooperativas que trabaja en las provincias de Mil\u00e1n y Varese, ofreciendo sus servicios en contabilidad y fiscalidad a todas las sociedades cooperativas con sede [&hellip;]<\/p>\n","protected":false},"author":1,"featured_media":100505,"parent":0,"menu_order":0,"comment_status":"closed","ping_status":"closed","template":"","meta":{"_et_pb_use_builder":"","_et_pb_old_content":"","_et_gb_content_width":"","footnotes":""},"class_list":["post-100876","page","type-page","status-publish","has-post-thumbnail","hentry"],"_links":{"self":[{"href":"https:\/\/www.commercialistalegnano.it\/es\/wp-json\/wp\/v2\/pages\/100876","targetHints":{"allow":["GET"]}}],"collection":[{"href":"https:\/\/www.commercialistalegnano.it\/es\/wp-json\/wp\/v2\/pages"}],"about":[{"href":"https:\/\/www.commercialistalegnano.it\/es\/wp-json\/wp\/v2\/types\/page"}],"author":[{"embeddable":true,"href":"https:\/\/www.commercialistalegnano.it\/es\/wp-json\/wp\/v2\/users\/1"}],"replies":[{"embeddable":true,"href":"https:\/\/www.commercialistalegnano.it\/es\/wp-json\/wp\/v2\/comments?post=100876"}],"version-history":[{"count":0,"href":"https:\/\/www.commercialistalegnano.it\/es\/wp-json\/wp\/v2\/pages\/100876\/revisions"}],"wp:featuredmedia":[{"embeddable":true,"href":"https:\/\/www.commercialistalegnano.it\/es\/wp-json\/wp\/v2\/media\/100505"}],"wp:attachment":[{"href":"https:\/\/www.commercialistalegnano.it\/es\/wp-json\/wp\/v2\/media?parent=100876"}],"curies":[{"name":"wp","href":"https:\/\/api.w.org\/{rel}","templated":true}]}}