{"id":100868,"date":"2023-07-17T12:55:36","date_gmt":"2023-07-17T12:55:36","guid":{"rendered":"https:\/\/www.commercialistalegnano.it\/contabilidad-ordinaria\/"},"modified":"2023-07-17T12:55:36","modified_gmt":"2023-07-17T12:55:36","slug":"contabilidad-ordinaria","status":"publish","type":"page","link":"https:\/\/www.commercialistalegnano.it\/es\/contabilidad-ordinaria\/","title":{"rendered":"Contabilidad ordinaria"},"content":{"rendered":"<h1 class=\"h4 pi-weight-700 pi-uppercase pi-letter-spacing pi-has-bg pi-margin-bottom-20 pi-margin-top-minus-5\">Contador para contabilidad ordinaria en Legnano, Busto Arsizio, Rescaldina y Castellanza.<\/h1>\n<p class=\"justy\">El contador de Rescaldina, el Dr. Marco Colombo, ofrece servicios de contabilidad ordinaria precisos y precisos para cualquier tipo de empresa. En particular, ofrece servicios de contabilidad entre Legnano, Castellanza, Busto Arsizio y Saronno, en la provincia de Mil\u00e1n, Varese y Como.<\/p>\n<p>En base a varios aspectos, como la raz\u00f3n social de la empresa, la facturaci\u00f3n y el sector operativo, el estudio del Dr. Marco Colombo realiza para la empresa cliente intervenciones de contabilidad ordinaria o de contabilidad simplificada, ocup\u00e1ndose de forma aut\u00f3noma de todos los registros obligatorios.<\/p>\n<p>El servicio de apoyo contable, adem\u00e1s, es v\u00e1lido tambi\u00e9n para los profesionales, por lo tanto, para todos los titulares de n\u00famero de identificaci\u00f3n fiscal (NIF) que operan en cualquier sector.<\/p>\n","protected":false},"excerpt":{"rendered":"<p>Contador para contabilidad ordinaria en Legnano, Busto Arsizio, Rescaldina y Castellanza. El contador de Rescaldina, el Dr. Marco Colombo, ofrece servicios de contabilidad ordinaria precisos y precisos para cualquier tipo de empresa. En particular, ofrece servicios de contabilidad entre Legnano, Castellanza, Busto Arsizio y Saronno, en la provincia de Mil\u00e1n, Varese y Como. En base [&hellip;]<\/p>\n","protected":false},"author":1,"featured_media":100526,"parent":0,"menu_order":0,"comment_status":"closed","ping_status":"closed","template":"","meta":{"_et_pb_use_builder":"","_et_pb_old_content":"","_et_gb_content_width":"","footnotes":""},"class_list":["post-100868","page","type-page","status-publish","has-post-thumbnail","hentry"],"_links":{"self":[{"href":"https:\/\/www.commercialistalegnano.it\/es\/wp-json\/wp\/v2\/pages\/100868","targetHints":{"allow":["GET"]}}],"collection":[{"href":"https:\/\/www.commercialistalegnano.it\/es\/wp-json\/wp\/v2\/pages"}],"about":[{"href":"https:\/\/www.commercialistalegnano.it\/es\/wp-json\/wp\/v2\/types\/page"}],"author":[{"embeddable":true,"href":"https:\/\/www.commercialistalegnano.it\/es\/wp-json\/wp\/v2\/users\/1"}],"replies":[{"embeddable":true,"href":"https:\/\/www.commercialistalegnano.it\/es\/wp-json\/wp\/v2\/comments?post=100868"}],"version-history":[{"count":0,"href":"https:\/\/www.commercialistalegnano.it\/es\/wp-json\/wp\/v2\/pages\/100868\/revisions"}],"wp:featuredmedia":[{"embeddable":true,"href":"https:\/\/www.commercialistalegnano.it\/es\/wp-json\/wp\/v2\/media\/100526"}],"wp:attachment":[{"href":"https:\/\/www.commercialistalegnano.it\/es\/wp-json\/wp\/v2\/media?parent=100868"}],"curies":[{"name":"wp","href":"https:\/\/api.w.org\/{rel}","templated":true}]}}