{"id":100867,"date":"2023-07-17T12:55:13","date_gmt":"2023-07-17T12:55:13","guid":{"rendered":"https:\/\/www.commercialistalegnano.it\/asesorias-empresariales\/"},"modified":"2023-07-17T12:55:13","modified_gmt":"2023-07-17T12:55:13","slug":"asesorias-empresariales","status":"publish","type":"page","link":"https:\/\/www.commercialistalegnano.it\/es\/asesorias-empresariales\/","title":{"rendered":"Asesor\u00edas empresariales"},"content":{"rendered":"<div class=\"pi-section-w pi-section-white pi-slider-enabled\">\n<div class=\"pi-section pi-padding-top-bottom-80\">\n<div class=\"pi-row pi-padding-bottom-20\">\n<h1 class=\"h4 pi-weight-700 pi-uppercase pi-letter-spacing pi-has-bg pi-margin-bottom-20 pi-margin-top-minus-5\">ASESOR\u00cdAS EMPRESARIALES EN LEGNANO, BUSTO ARSIZIO, CASTELLANZA Y RESCALDINA<\/h1>\n<p class=\"justy\">Nuestro estudio realiza asesor\u00edas empresariales de todo tipo, contables, fiscales y tributarias, y puede proporcionar a empresas de cualquier tama\u00f1o y forma societaria un servicio de asesor\u00eda absolutamente completo, que va mucho m\u00e1s all\u00e1 del simple apoyo ordinario y la gesti\u00f3n de la contabilidad.<\/p>\n<p>El estudio del Doctor Marco Colombo se ocupa de manera totalmente aut\u00f3noma de la gesti\u00f3n de todas las obligaciones fiscales de la empresa, incluida la Declaraci\u00f3n Irap y la Declaraci\u00f3n Anual del IVA, sin olvidar todas las obligaciones previstas por las normativas recientemente introducidas, as\u00ed como por leyes espec\u00edficas.<\/p>\n<p>De igual manera, el estudio es capaz de realizar an\u00e1lisis de balances, simulaciones fiscales, estudios de sector y otros documentos particularmente importantes para una empresa, como por ejemplo el Modelo de Declaraciones de Intenci\u00f3n.<\/p>\n<p>Para todas las empresas que interact\u00faan con clientes y proveedores extranjeros pertenecientes a la Uni\u00f3n Europea, adem\u00e1s, el estudio del Doctor Marco Colombo tambi\u00e9n se encarga de la elaboraci\u00f3n y presentaci\u00f3n del Modelo Intrastat.<\/p>\n<p>El estudio realiza tambi\u00e9n inspecciones registrales, servicios de asesoramiento laboral, de gesti\u00f3n contractual de empleados y colaboradores, y tambi\u00e9n de operaciones de car\u00e1cter extraordinario, como por ejemplo cesiones o adquisiciones de empresa, escisiones, fusiones o m\u00e1s.<\/p>\n<p>Los servicios de asesoramiento del Doctor Marco Colombo, contador en Rescaldina, entre Legnano, Busto Arsizio y Saronno, garantizan un apoyo completo tambi\u00e9n a las startups: gracias a su profunda experiencia, de hecho, este estudio es capaz de guiar al cliente hacia las soluciones m\u00e1s convenientes a nivel de elecci\u00f3n de la forma societaria, planificaci\u00f3n de inversiones, costos de gesti\u00f3n, adem\u00e1s, por supuesto, de todos los cumplimientos de naturaleza fiscal y contable.<\/p>\n<p>El estudio del Doctor Marco Colombo puede ocuparse de manera aut\u00f3noma de todos los tr\u00e1mites que interesan a una empresa, ya se trate de una firma individual o de una empresa con cientos de empleados.<\/p>\n<p>Adem\u00e1s del apoyo puramente t\u00e9cnico, como se dijo, el estudio es capaz de guiar al empresario hacia las soluciones m\u00e1s eficientes y m\u00e1s fruct\u00edferas, favoreciendo as\u00ed el desarrollo del negocio.<\/p>\n<\/div>\n<\/div>\n<\/div>\n<div class=\"pi-section-w pi-shadow-inside-top pi-section-base\">\n<div class=\"pi-texture\"><\/div>\n<div class=\"pi-section pi-padding-top-60 pi-padding-bottom-40 pi-text-center\"><\/div>\n<\/div>\n","protected":false},"excerpt":{"rendered":"<p>ASESOR\u00cdAS EMPRESARIALES EN LEGNANO, BUSTO ARSIZIO, CASTELLANZA Y RESCALDINA Nuestro estudio realiza asesor\u00edas empresariales de todo tipo, contables, fiscales y tributarias, y puede proporcionar a empresas de cualquier tama\u00f1o y forma societaria un servicio de asesor\u00eda absolutamente completo, que va mucho m\u00e1s all\u00e1 del simple apoyo ordinario y la gesti\u00f3n de la contabilidad. El estudio [&hellip;]<\/p>\n","protected":false},"author":1,"featured_media":100520,"parent":0,"menu_order":0,"comment_status":"closed","ping_status":"closed","template":"","meta":{"_et_pb_use_builder":"","_et_pb_old_content":"","_et_gb_content_width":"","footnotes":""},"class_list":["post-100867","page","type-page","status-publish","has-post-thumbnail","hentry"],"_links":{"self":[{"href":"https:\/\/www.commercialistalegnano.it\/es\/wp-json\/wp\/v2\/pages\/100867","targetHints":{"allow":["GET"]}}],"collection":[{"href":"https:\/\/www.commercialistalegnano.it\/es\/wp-json\/wp\/v2\/pages"}],"about":[{"href":"https:\/\/www.commercialistalegnano.it\/es\/wp-json\/wp\/v2\/types\/page"}],"author":[{"embeddable":true,"href":"https:\/\/www.commercialistalegnano.it\/es\/wp-json\/wp\/v2\/users\/1"}],"replies":[{"embeddable":true,"href":"https:\/\/www.commercialistalegnano.it\/es\/wp-json\/wp\/v2\/comments?post=100867"}],"version-history":[{"count":0,"href":"https:\/\/www.commercialistalegnano.it\/es\/wp-json\/wp\/v2\/pages\/100867\/revisions"}],"wp:featuredmedia":[{"embeddable":true,"href":"https:\/\/www.commercialistalegnano.it\/es\/wp-json\/wp\/v2\/media\/100520"}],"wp:attachment":[{"href":"https:\/\/www.commercialistalegnano.it\/es\/wp-json\/wp\/v2\/media?parent=100867"}],"curies":[{"name":"wp","href":"https:\/\/api.w.org\/{rel}","templated":true}]}}